{"id":14820,"date":"2014-07-06T19:50:15","date_gmt":"2014-07-06T23:50:15","guid":{"rendered":"https:\/\/rubyrealty.com\/resources\/"},"modified":"2014-07-06T19:50:15","modified_gmt":"2014-07-06T23:50:15","slug":"resources","status":"publish","type":"page","link":"https:\/\/rubyrealty.com\/en\/resources\/","title":{"rendered":"Resources"},"content":{"rendered":"<p><a href=\"http:\/\/mivieques.pr.gov\/ea\/\" target=\"_blank\" rel=\"noopener noreferrer\"><img loading=\"lazy\" decoding=\"async\" class=\"alignnone wp-image-901 size-full\" src=\"https:\/\/rubyrealty.com\/wp-content\/uploads\/2014\/07\/Property-Environmental-Evaluation.jpg\" alt=\"Property Environmental Evaluation\" width=\"100\" height=\"45\"><\/a><\/p>\n<p><a href=\"http:\/\/mivieques.pr.gov\/ea\/\" target=\"_blank\" rel=\"noopener noreferrer\">Property Environmental Evaluation<\/a><\/p>\n<p><a href=\"http:\/\/www.jp.gobierno.pr\/Portal_JP\/Default.aspx?tabid=108\" target=\"_blank\" rel=\"noopener noreferrer\"><img loading=\"lazy\" decoding=\"async\" class=\"alignnone wp-image-900 size-full\" src=\"https:\/\/rubyrealty.com\/wp-content\/uploads\/2014\/07\/Planning-Board-Property-Case-Search.jpg\" alt=\"Planning Board Property Case Search\" width=\"100\" height=\"79\"><\/a><\/p>\n<p><a href=\"http:\/\/www.jp.gobierno.pr\/Portal_JP\/Default.aspx?tabid=108\" target=\"_blank\" rel=\"noopener noreferrer\">Planning Board Property Case Search<\/a><\/p>\n<p><a href=\"http:\/\/gis.jp.pr.gov\/2013_RecibidorGeoComentarios\/\" target=\"_blank\" rel=\"noopener noreferrer\"><img loading=\"lazy\" decoding=\"async\" class=\"alignnone wp-image-899\" src=\"http:\/\/rubyrealty.com\/wp-content\/uploads\/2014\/07\/Mi-participaci%C3%B3n-ciudadana.jpg\" alt=\"Mi participaci\u00f3n ciudadana\" width=\"100\" height=\"76\"><\/a><\/p>\n<p><a href=\"http:\/\/gis.jp.pr.gov\/2013_RecibidorGeoComentarios\/\" target=\"_blank\" rel=\"noopener noreferrer\">Mi Participaci\u00f3n Ciudadana<\/a><\/p>\n<p><a href=\"http:\/\/gis.jp.pr.gov\/Vivienda\/\" target=\"_blank\" rel=\"noopener noreferrer\"><img loading=\"lazy\" decoding=\"async\" class=\"alignnone wp-image-898 size-full\" src=\"http:\/\/rubyrealty.com\/wp-content\/uploads\/2014\/07\/Mapa-Vivienda-P%C3%BAblica.jpg\" alt=\"Mapa Vivienda P\u00fablica\" width=\"100\" height=\"90\"><\/a><\/p>\n<p><a href=\"https:\/\/www.avp.pr.gov\/residenciales-directorio.aspx\" target=\"_blank\" rel=\"noopener noreferrer\">Mapa de Vivienda P\u00fablica<\/a><\/p>\n<p><a href=\"http:\/\/mivieques.pr.gov\/evaluacion_ambiental\/\" target=\"_blank\" rel=\"noopener noreferrer\"><img loading=\"lazy\" decoding=\"async\" class=\"alignnone wp-image-897 size-full\" src=\"http:\/\/rubyrealty.com\/wp-content\/uploads\/2014\/07\/Mapa-Evaluaci%C3%B3n-Ambiental.jpg\" alt=\"Mapa Evaluaci\u00f3n Ambiental\" width=\"100\" height=\"100\"><\/a><\/p>\n<p><a href=\"http:\/\/mivieques.pr.gov\/evaluacion_ambiental\/\" target=\"_blank\" rel=\"noopener noreferrer\"> Mapa Evaluaci\u00f3n Ambiental<\/a><\/p>\n<p><a href=\"http:\/\/www.jp.pr.gov\/portal_jp\/ServiciosalP%C3%BAblico\/GIS\/GeoLocalizador\/tabid\/279\/Default.aspx\" target=\"_blank\" rel=\"noopener noreferrer\"><img loading=\"lazy\" decoding=\"async\" class=\"alignnone wp-image-896 size-full\" src=\"https:\/\/rubyrealty.com\/wp-content\/uploads\/2014\/07\/geolocalizador.jpg\" alt=\"Geolocalizer\" width=\"100\" height=\"100\" srcset=\"https:\/\/rubyrealty.com\/wp-content\/uploads\/2014\/07\/geolocalizador.jpg 100w, https:\/\/rubyrealty.com\/wp-content\/uploads\/2014\/07\/geolocalizador-75x75.jpg 75w\" sizes=\"auto, (max-width: 100px) 100vw, 100px\" \/><\/a><\/p>\n<p><a href=\"http:\/\/gis.jp.pr.gov\/geolocalizador\/\" target=\"_blank\" rel=\"noopener noreferrer\"> Geolocalizador<\/a><\/p>\n<p><a href=\"http:\/\/www.jp.gobierno.pr\/avi\/AreasdeRiesgo\/MapasdeRiesgoaInundacion\/tabid\/76\/Default.aspx\" target=\"_blank\" rel=\"noopener noreferrer\"><img loading=\"lazy\" decoding=\"async\" class=\"alignnone wp-image-895 size-full\" src=\"https:\/\/rubyrealty.com\/wp-content\/uploads\/2014\/07\/FEMA-Flood-Risks-Maps.jpg\" alt=\"FEMA Flood Risks Maps\" width=\"100\" height=\"51\"><\/a><\/p>\n<p><a href=\"https:\/\/msc.fema.gov\/portal\/home\" target=\"_blank\" rel=\"noopener noreferrer\">Mapas de Zonas de Riesgo a Inundaci\u00f3n (FEMA)<\/a><\/p>\n<p><a href=\"http:\/\/www.satasgis.crimpr.net\/flexviewers\/crim\/\" target=\"_blank\" rel=\"noopener noreferrer\"><img loading=\"lazy\" decoding=\"async\" class=\"alignnone wp-image-894 size-full\" src=\"https:\/\/rubyrealty.com\/wp-content\/uploads\/2014\/07\/Catastro-Digital-de-Puerto-Rico.jpg\" alt=\"Catastro Digital de Puerto Rico\" width=\"99\" height=\"102\"><\/a><\/p>\n<p><a href=\"https:\/\/www.crimpr.net\/CMS\/28\" target=\"_blank\" rel=\"noopener noreferrer\">Catastro Digital de Puerto Rico<\/a><\/p>\n<p><a href=\"http:\/\/www.jp.gobierno.pr\/Portal_JP\/Default.aspx?tabid=294\" target=\"_blank\" rel=\"noopener noreferrer\"><img loading=\"lazy\" decoding=\"async\" class=\"alignnone wp-image-893 size-full\" src=\"http:\/\/rubyrealty.com\/wp-content\/uploads\/2014\/07\/Cat%C3%A1logo-Mapas-Calificaci%C3%B3n-Zonificaci%C3%B3n.jpg\" alt=\"Cat\u00e1logo Mapas Calificaci\u00f3n Zonificaci\u00f3n\" width=\"100\" height=\"34\"><\/a><\/p>\n<p><a href=\"https:\/\/gis.jp.pr.gov\/mipr\/\" target=\"_blank\" rel=\"noopener noreferrer\">Cat\u00e1logo Mapas Calificaci\u00f3n y Zonificaci\u00f3n<\/a><\/p>\n<p><a href=\"http:\/\/www.justicia.pr.gov\/portaljusticia\/RegistrodePropiedad.aspx\" target=\"_blank\" rel=\"noopener noreferrer\"><img loading=\"lazy\" decoding=\"async\" class=\"alignnone wp-image-892 size-full\" src=\"https:\/\/rubyrealty.com\/wp-content\/uploads\/2014\/07\/Registro-de-la-Propiedad.jpg\" alt=\"Property Registry\" width=\"100\" height=\"40\"><\/a><\/p>\n<p><a href=\"http:\/\/ridpr.pr.gov\/\" target=\"_blank\" rel=\"noopener noreferrer\">Property Registry<\/a><\/p>\n","protected":false},"excerpt":{"rendered":"<p>Property Environmental Evaluation Planning Board Property Case Search Mi Participaci\u00f3n Ciudadana Mapa de Vivienda P\u00fablica Mapa Evaluaci\u00f3n Ambiental Geolocalizador Mapas de Zonas de Riesgo a Inundaci\u00f3n (FEMA) Catastro Digital de Puerto Rico Cat\u00e1logo Mapas Calificaci\u00f3n y Zonificaci\u00f3n Property Registry<\/p>\n","protected":false},"author":1,"featured_media":0,"parent":0,"menu_order":0,"comment_status":"closed","ping_status":"open","template":"","meta":{"_genesis_hide_title":false,"_genesis_hide_breadcrumbs":false,"_genesis_hide_singular_image":false,"_genesis_hide_footer_widgets":false,"_genesis_custom_body_class":"","_genesis_custom_post_class":"","_genesis_layout":"","footnotes":""},"class_list":{"0":"post-14820","1":"page","2":"type-page","3":"status-publish","5":"entry"},"yoast_head":"<!-- This site is optimized with the Yoast SEO plugin v26.8 - https:\/\/yoast.com\/product\/yoast-seo-wordpress\/ -->\n<title>Resources - Ruby REALTY<\/title>\n<meta name=\"robots\" content=\"index, follow, max-snippet:-1, max-image-preview:large, max-video-preview:-1\" \/>\n<link rel=\"canonical\" href=\"https:\/\/rubyrealty.com\/en\/resources\/\" \/>\n<meta property=\"og:locale\" content=\"en_US\" \/>\n<meta property=\"og:type\" content=\"article\" \/>\n<meta property=\"og:title\" content=\"Resources - Ruby REALTY\" \/>\n<meta property=\"og:description\" content=\"Property Environmental Evaluation Planning Board Property Case Search Mi Participaci\u00f3n Ciudadana Mapa de Vivienda P\u00fablica Mapa Evaluaci\u00f3n Ambiental Geolocalizador Mapas de Zonas de Riesgo a Inundaci\u00f3n (FEMA) Catastro Digital de Puerto Rico Cat\u00e1logo Mapas Calificaci\u00f3n y Zonificaci\u00f3n Property Registry\" \/>\n<meta property=\"og:url\" content=\"https:\/\/rubyrealty.com\/en\/resources\/\" \/>\n<meta property=\"og:site_name\" content=\"Ruby REALTY\" \/>\n<meta property=\"article:publisher\" content=\"https:\/\/www.facebook.com\/rubyrealty.pr\/\" \/>\n<meta property=\"og:image\" content=\"https:\/\/rubyrealty.com\/wp-content\/uploads\/2014\/07\/Property-Environmental-Evaluation.jpg\" \/>\n<meta name=\"twitter:card\" content=\"summary_large_image\" \/>\n<script type=\"application\/ld+json\" class=\"yoast-schema-graph\">{\"@context\":\"https:\/\/schema.org\",\"@graph\":[{\"@type\":\"WebPage\",\"@id\":\"https:\/\/rubyrealty.com\/en\/resources\/\",\"url\":\"https:\/\/rubyrealty.com\/en\/resources\/\",\"name\":\"Resources - Ruby REALTY\",\"isPartOf\":{\"@id\":\"https:\/\/rubyrealty.com\/en\/#website\"},\"primaryImageOfPage\":{\"@id\":\"https:\/\/rubyrealty.com\/en\/resources\/#primaryimage\"},\"image\":{\"@id\":\"https:\/\/rubyrealty.com\/en\/resources\/#primaryimage\"},\"thumbnailUrl\":\"https:\/\/rubyrealty.com\/wp-content\/uploads\/2014\/07\/Property-Environmental-Evaluation.jpg\",\"datePublished\":\"2014-07-06T23:50:15+00:00\",\"breadcrumb\":{\"@id\":\"https:\/\/rubyrealty.com\/en\/resources\/#breadcrumb\"},\"inLanguage\":\"en-US\",\"potentialAction\":[{\"@type\":\"ReadAction\",\"target\":[\"https:\/\/rubyrealty.com\/en\/resources\/\"]}]},{\"@type\":\"ImageObject\",\"inLanguage\":\"en-US\",\"@id\":\"https:\/\/rubyrealty.com\/en\/resources\/#primaryimage\",\"url\":\"https:\/\/rubyrealty.com\/wp-content\/uploads\/2014\/07\/Property-Environmental-Evaluation.jpg\",\"contentUrl\":\"https:\/\/rubyrealty.com\/wp-content\/uploads\/2014\/07\/Property-Environmental-Evaluation.jpg\"},{\"@type\":\"BreadcrumbList\",\"@id\":\"https:\/\/rubyrealty.com\/en\/resources\/#breadcrumb\",\"itemListElement\":[{\"@type\":\"ListItem\",\"position\":1,\"name\":\"Home\",\"item\":\"https:\/\/rubyrealty.com\/en\/home\/\"},{\"@type\":\"ListItem\",\"position\":2,\"name\":\"Resources\"}]},{\"@type\":\"WebSite\",\"@id\":\"https:\/\/rubyrealty.com\/en\/#website\",\"url\":\"https:\/\/rubyrealty.com\/en\/\",\"name\":\"Ruby REALTY\",\"description\":\"Real Estate in Puerto Rico\",\"publisher\":{\"@id\":\"https:\/\/rubyrealty.com\/en\/#organization\"},\"potentialAction\":[{\"@type\":\"SearchAction\",\"target\":{\"@type\":\"EntryPoint\",\"urlTemplate\":\"https:\/\/rubyrealty.com\/en\/?s={search_term_string}\"},\"query-input\":{\"@type\":\"PropertyValueSpecification\",\"valueRequired\":true,\"valueName\":\"search_term_string\"}}],\"inLanguage\":\"en-US\"},{\"@type\":\"Organization\",\"@id\":\"https:\/\/rubyrealty.com\/en\/#organization\",\"name\":\"Ruby REALTY\",\"url\":\"https:\/\/rubyrealty.com\/en\/\",\"logo\":{\"@type\":\"ImageObject\",\"inLanguage\":\"en-US\",\"@id\":\"https:\/\/rubyrealty.com\/en\/#\/schema\/logo\/image\/\",\"url\":\"https:\/\/rubyrealty.com\/wp-content\/uploads\/2017\/06\/13669783_278284995873476_4828517149125374896_n.jpg\",\"contentUrl\":\"https:\/\/rubyrealty.com\/wp-content\/uploads\/2017\/06\/13669783_278284995873476_4828517149125374896_n.jpg\",\"width\":352,\"height\":352,\"caption\":\"Ruby REALTY\"},\"image\":{\"@id\":\"https:\/\/rubyrealty.com\/en\/#\/schema\/logo\/image\/\"},\"sameAs\":[\"https:\/\/www.facebook.com\/rubyrealty.pr\/\",\"https:\/\/www.linkedin.com\/in\/ruby-gonzalez-90b7561b\/\"]}]}<\/script>\n<!-- \/ Yoast SEO plugin. -->","yoast_head_json":{"title":"Resources - Ruby REALTY","robots":{"index":"index","follow":"follow","max-snippet":"max-snippet:-1","max-image-preview":"max-image-preview:large","max-video-preview":"max-video-preview:-1"},"canonical":"https:\/\/rubyrealty.com\/en\/resources\/","og_locale":"en_US","og_type":"article","og_title":"Resources - Ruby REALTY","og_description":"Property Environmental Evaluation Planning Board Property Case Search Mi Participaci\u00f3n Ciudadana Mapa de Vivienda P\u00fablica Mapa Evaluaci\u00f3n Ambiental Geolocalizador Mapas de Zonas de Riesgo a Inundaci\u00f3n (FEMA) Catastro Digital de Puerto Rico Cat\u00e1logo Mapas Calificaci\u00f3n y Zonificaci\u00f3n Property Registry","og_url":"https:\/\/rubyrealty.com\/en\/resources\/","og_site_name":"Ruby REALTY","article_publisher":"https:\/\/www.facebook.com\/rubyrealty.pr\/","og_image":[{"url":"https:\/\/rubyrealty.com\/wp-content\/uploads\/2014\/07\/Property-Environmental-Evaluation.jpg","type":"","width":"","height":""}],"twitter_card":"summary_large_image","schema":{"@context":"https:\/\/schema.org","@graph":[{"@type":"WebPage","@id":"https:\/\/rubyrealty.com\/en\/resources\/","url":"https:\/\/rubyrealty.com\/en\/resources\/","name":"Resources - Ruby REALTY","isPartOf":{"@id":"https:\/\/rubyrealty.com\/en\/#website"},"primaryImageOfPage":{"@id":"https:\/\/rubyrealty.com\/en\/resources\/#primaryimage"},"image":{"@id":"https:\/\/rubyrealty.com\/en\/resources\/#primaryimage"},"thumbnailUrl":"https:\/\/rubyrealty.com\/wp-content\/uploads\/2014\/07\/Property-Environmental-Evaluation.jpg","datePublished":"2014-07-06T23:50:15+00:00","breadcrumb":{"@id":"https:\/\/rubyrealty.com\/en\/resources\/#breadcrumb"},"inLanguage":"en-US","potentialAction":[{"@type":"ReadAction","target":["https:\/\/rubyrealty.com\/en\/resources\/"]}]},{"@type":"ImageObject","inLanguage":"en-US","@id":"https:\/\/rubyrealty.com\/en\/resources\/#primaryimage","url":"https:\/\/rubyrealty.com\/wp-content\/uploads\/2014\/07\/Property-Environmental-Evaluation.jpg","contentUrl":"https:\/\/rubyrealty.com\/wp-content\/uploads\/2014\/07\/Property-Environmental-Evaluation.jpg"},{"@type":"BreadcrumbList","@id":"https:\/\/rubyrealty.com\/en\/resources\/#breadcrumb","itemListElement":[{"@type":"ListItem","position":1,"name":"Home","item":"https:\/\/rubyrealty.com\/en\/home\/"},{"@type":"ListItem","position":2,"name":"Resources"}]},{"@type":"WebSite","@id":"https:\/\/rubyrealty.com\/en\/#website","url":"https:\/\/rubyrealty.com\/en\/","name":"Ruby REALTY","description":"Real Estate in Puerto Rico","publisher":{"@id":"https:\/\/rubyrealty.com\/en\/#organization"},"potentialAction":[{"@type":"SearchAction","target":{"@type":"EntryPoint","urlTemplate":"https:\/\/rubyrealty.com\/en\/?s={search_term_string}"},"query-input":{"@type":"PropertyValueSpecification","valueRequired":true,"valueName":"search_term_string"}}],"inLanguage":"en-US"},{"@type":"Organization","@id":"https:\/\/rubyrealty.com\/en\/#organization","name":"Ruby REALTY","url":"https:\/\/rubyrealty.com\/en\/","logo":{"@type":"ImageObject","inLanguage":"en-US","@id":"https:\/\/rubyrealty.com\/en\/#\/schema\/logo\/image\/","url":"https:\/\/rubyrealty.com\/wp-content\/uploads\/2017\/06\/13669783_278284995873476_4828517149125374896_n.jpg","contentUrl":"https:\/\/rubyrealty.com\/wp-content\/uploads\/2017\/06\/13669783_278284995873476_4828517149125374896_n.jpg","width":352,"height":352,"caption":"Ruby REALTY"},"image":{"@id":"https:\/\/rubyrealty.com\/en\/#\/schema\/logo\/image\/"},"sameAs":["https:\/\/www.facebook.com\/rubyrealty.pr\/","https:\/\/www.linkedin.com\/in\/ruby-gonzalez-90b7561b\/"]}]}},"_links":{"self":[{"href":"https:\/\/rubyrealty.com\/en\/wp-json\/wp\/v2\/pages\/14820","targetHints":{"allow":["GET"]}}],"collection":[{"href":"https:\/\/rubyrealty.com\/en\/wp-json\/wp\/v2\/pages"}],"about":[{"href":"https:\/\/rubyrealty.com\/en\/wp-json\/wp\/v2\/types\/page"}],"author":[{"embeddable":true,"href":"https:\/\/rubyrealty.com\/en\/wp-json\/wp\/v2\/users\/1"}],"replies":[{"embeddable":true,"href":"https:\/\/rubyrealty.com\/en\/wp-json\/wp\/v2\/comments?post=14820"}],"version-history":[{"count":0,"href":"https:\/\/rubyrealty.com\/en\/wp-json\/wp\/v2\/pages\/14820\/revisions"}],"wp:attachment":[{"href":"https:\/\/rubyrealty.com\/en\/wp-json\/wp\/v2\/media?parent=14820"}],"curies":[{"name":"wp","href":"https:\/\/api.w.org\/{rel}","templated":true}]}}